{"id":2178,"date":"2019-09-10T02:05:34","date_gmt":"2019-09-10T02:05:34","guid":{"rendered":"https:\/\/amateurmusic.org\/info\/?page_id=2178"},"modified":"2020-03-08T02:55:21","modified_gmt":"2020-03-08T02:55:21","slug":"mm-2019-10-23-choro","status":"publish","type":"page","link":"https:\/\/amateurmusic.org\/coda\/resources\/mm-2019-10-23-choro\/","title":{"rendered":"<i>Choro<\/i> &#8211; The Music of Rio"},"content":{"rendered":"\n\t<h2>with <strong>Duo Viol\u00e3o Plus 1<\/strong><\/h2>\n<h3><strong>Rogerio Souza,<\/strong> <strong>Edinho Gerber, and<\/strong> Ami Molinelli<\/h3>\n<h2>October 23, 2019, 6pm<\/h2>\n\t<p><strong>CHORO<\/strong> was a collaboration with mentors <strong>Duo Viol\u00e3o Plus 1<\/strong>: Brazilian guitarists <strong>Roderio Sauza<\/strong> and <strong>Edinho Gerber<\/strong>, and San Francisco percussionist <strong>Ami Mollinelli<\/strong>. 19 musicians participated in a workshop on traditional Brazilian style and then performed with the trio in concert.<\/p>\n\t<h1>Workshop Participant Resources<\/h1>\n\t<h2>Hello!<\/h2>\n<p>We are delighted you will be joining us for this special workshop and interactive concert.<\/p>\n<p>Here are all the details you will need and resources to help you prepare.<\/p>\n<h3><strong>Event Logistics<br \/>\n<\/strong><\/h3>\n<strong>Location:\u00a0<\/strong>Drew School, 2901 Californa Street (at Broderick), San Francisco<br \/>\nPlease come to the MAIN ENTRANCE on California Street. Doors will open at 5:30.\n<strong>What to bring:<\/strong> Your instrument and your music (and a lightweight portable music stand if you have one).<br \/>\nFor those who don&#8217;t have an instrument to bring, we will have some percussion instruments available for you to use for the workshop and performance.\n<p><strong>Attire:<\/strong>\u00a0Dress code is casual\/comfortable. Please refrain from wearing scented products such as perfume or hair spray.<\/p>\n\t<h2>A message from our mentors, <strong>Duo Viol\u00e3o Plus 1<\/strong><\/h2>\nWe are going to focus on <strong>Maxixe<\/strong> (a part of Choro).\n<p>Maxixe (pronounced Mashishe) is the foundation of Brazilian music, and is based on this repeating rhythm:<\/p>\n<p><img loading=\"lazy\" src=\"https:\/\/amateurmusic.org\/info\/wp-content\/uploads\/Maxixe-Melody-112217-300x49.jpg\" alt=\"\" width=\"300\" height=\"49\" \/><\/p>\n<p>&nbsp;<\/p>\n<p>&nbsp;<\/p>\n<strong>Maxixe<\/strong> was the first original Brazlilian music from the mid 19th century.\u00a0 It was not African, European or something else but was a mix of styles and uniquely Brazilian.\u00a0 It was a dance that was outlawed and made famous by two composers and pianists Ernesto Nazareth and Chicquinha Gonzaga.\u00a0 After it became popular in Brazil it spread internationally, becoming adopted in Europe and the U.S.\nSee below for some historical information about Choro, Maxixe, and the music we will be exploring in our workshop. For even more information about this extraordinary music (including some cool dance videos from the early 20th century), check out the <a href=\"http:\/\/choro-music.blogspot.com\/2010\/11\/maxixe.html\" target=\"_blank\" rel=\"noopener noreferrer\"><strong>Choro Music Blog<\/strong><\/a>.\n\t<h3>Workshop Music: Brejeiro (1893) by Ernesto Nazareth 1863-1934<\/h3>\n\t\t\t<a href=\"\/info\/wp-content\/uploads\/workshops\/Brejeiro-mel-cifra.pdf\" target=\"_blank\" role=\"button\" rel=\"noopener noreferrer\" >\n\t\t\t\t\t\t\tMusic download for instruments in C\n\t\t\t\t\t<\/a>\n\t\t\t<a href=\"\/info\/wp-content\/uploads\/workshops\/Maxixe-Do-Brejeiro.pdf\" target=\"_blank\" role=\"button\" rel=\"noopener noreferrer\" >\n\t\t\t\t\t\t\tMusic download for instruments in B-flat\n\t\t\t\t\t<\/a>\n\t\t<meta itemprop=\"url\" content=\"https:\/\/amateurmusic.org\/info\/wp-content\/uploads\/Brejeiro.mp3\" \/><!--[if lt IE 9]><script>document.createElement('audio');<\/script><![endif]-->\n<audio class=\"wp-audio-shortcode\" id=\"audio-2178-1\" preload=\"none\" style=\"width: 100%;\" controls=\"controls\"><source type=\"audio\/mpeg\" src=\"https:\/\/amateurmusic.org\/info\/wp-content\/uploads\/Brejeiro.mp3?_=1\" \/><a href=\"https:\/\/amateurmusic.org\/info\/wp-content\/uploads\/Brejeiro.mp3\">https:\/\/amateurmusic.org\/info\/wp-content\/uploads\/Brejeiro.mp3<\/a><\/audio>\n\t<p>From the album <em>Hist\u00f3ria do Choro<\/em> by Duo Viol\u00e3o Plus 1<\/p>\n\t<p>For this workshop, take a listen to the music and see what might be fun for you to add. If you play a melody instrument, learn the melody and play along. You might want to just play the rhythm or the bass line and keep the groove going. We&#8217;ll all learn together at the workshop, so even if you don&#8217;t have anything prepared, we&#8217;ll all have a great time together.<\/p>\n\t\t\t<a href=\"\/info\/wp-content\/uploads\/workshops\/Ritmos-Maxixe.pdf\" target=\"_blank\" role=\"button\" rel=\"noopener noreferrer\" >\n\t\t\t\t\t\t\tRhythm study: Maxixe\n\t\t\t\t\t<\/a>\n\t\t\t<a href=\"\/info\/wp-content\/uploads\/workshops\/Exemplo-Maxixe.pdf\" target=\"_blank\" role=\"button\" rel=\"noopener noreferrer\" >\n\t\t\t\t\t\t\tBrejeiro: melody and rhythm\n\t\t\t\t\t<\/a>\n\t<p>Composer <strong>Ernesto Nazareth<\/strong> was one of the hardest-working musicians in Rio, and one who bridged the pre-industrial and early industrial stages of Rio&#8217;s music business. He hustled compositions to the various music publishers around time, played piano in the lobby of the city\u2019s first movie theater, and made some of the first recordings in Rio in the early twentieth century. He survived into the radio era and was one of the musicians featured on Rio\u2019s first station. His music, although extremely pianistic, was able to capture the musical essence of the guitar, flute, and cavaquinho (the traditional choro formation) with such nuance that he was considered a true representative of the soul of Brazil and, more specifically, Rio de Janeiro. Brejeiro, a virtual anthem of Brazilian music, was his first and most famous maxixe. Because the new style was considered too syncopated and scandalous, it was forbidden, leaving Nazareth and other composers to use a more \u201csophisticated\u201d name: tango brasileiro. It was published in Paris and the US in 1914 and helped maxixe become one of the most fervent dance crazes throughout Europe and the Americas.<\/p>\n<h2>\n\t\tDuo Viol\u00e3o Plus 1\n\t<\/h2>\n\t\t\t<a href=\"#\" id=\"fl-accordion--label-0\" tabindex=\"0\" aria-controls=\"fl-accordion--panel-0\">Rogerio Souza<\/a>\n\t\t\t\t\t\t\t<a href=\"#\" id=\"fl-accordion--icon-0\" tabindex=\"0\" aria-controls=\"fl-accordion--panel-0\"><i>Expand<\/i><\/a>\n\t\t<p><img loading=\"lazy\" src=\"https:\/\/amateurmusic.org\/info\/wp-content\/uploads\/Rogerio2-237x300.jpg\" alt=\"\" width=\"180\" height=\"228\" \/>A master of both 6 and 7 string guitars, <strong>Rog\u00e9rio Souza<\/strong> is one of the foremost representatives of the music of Rio de Janeiro.\u00a0 Rog\u00e9rio is constantly producing and performing in concerts and events that showcase traditional Brazilian music, especially Samba and Choro.\u00a0 He has worked with a multitude of world class Brazilian Musicians as musical director and producer for concerts, TV shows, CDs, and DVDs. Some of these artists include: Baden Powell, Paulinho da Viola, Sivuca, Ney Matogrosso, Altamiro Carrilho, Jo\u00e3o Bosco, Paulo Moura, Ivan Lins, Guinga, Tur\u00edbio Santos, Rafael Rabello, Cristov\u00e3o Bastos, N\u00f3 em Pingo D\u2019agua, \u00c9poca de Ouro, Elizeth Cardoso, Elza Soares, Jo\u00e3o Nogueira, Dona Ivone Lara, Nelson Cavaquinho, Guilherme de Brito, Delcio Carvalho, Martinho da Vila, and Zeca Pagodinho.<\/p>\n<p>Rog\u00e9rio Souza is a pioneer in developing the style of music that is known today as \u201cchoro novo\u201d \u2013 innovative interpretations of traditional Brazilian instrumental music while remaining true to the roots of the music. He performs regularly in music festivals, concerts, and workshops throughout Latin America, Europe, the United States, and Asia. His current show focuses on the art of Brazilian guitar and includes original works as well as classic repertoire.\u00a0 Along with performing, Rog\u00e9rio frequently gives masterclasses and workshops that focus on guitar styles and cover material from his latest books and CDs.<\/p>\n\t\t\t<a href=\"#\" id=\"fl-accordion--label-1\" tabindex=\"0\" aria-controls=\"fl-accordion--panel-1\">Edinho Gerber<\/a>\n\t\t\t\t\t\t\t<a href=\"#\" id=\"fl-accordion--icon-1\" tabindex=\"0\" aria-controls=\"fl-accordion--panel-1\"><i>Expand<\/i><\/a>\n\t\t<p><strong><img loading=\"lazy\" src=\"https:\/\/amateurmusic.org\/info\/wp-content\/uploads\/E3A6702-300x225.jpg\" alt=\"\" width=\"199\" height=\"149\" \/>Edinho Gerber<\/strong> possesses a rich musical vocabulary developed in the two countries where he was raised: the United States and Brazil. Navigating effortlessly between the genres of choro, jazz, samba, and blues, he is always in search of the intersection points within his dual cultural identity.\u00a0 A staple in the Chicago music scene for many years, he was a highly in demand sideman having played with countless U.S. based Brazilian groups, including Som Brasil, Renato Anesi Trio,\u00a0 A Cor do Brasil, and led the samba-jazz group Zona Sul. He has performed in prestigious festivals and concerts in throughout the United States, Russia, and Japan, and currently resides in Rio de Janeiro where he performs regularly with Duo Viol\u00e3o Brasil and recently released \u201cBenjamim e Edinho\u201d an inventive cross cultural collaboration with Ben Lamar Gay.<\/p>\n\t\t\t<a href=\"#\" id=\"fl-accordion--label-2\" tabindex=\"0\" aria-controls=\"fl-accordion--panel-2\">Ami Molinelli<\/a>\n\t\t\t\t\t\t\t<a href=\"#\" id=\"fl-accordion--icon-2\" tabindex=\"0\" aria-controls=\"fl-accordion--panel-2\"><i>Expand<\/i><\/a>\n\t\t<p><img loading=\"lazy\" src=\"https:\/\/amateurmusic.org\/info\/wp-content\/uploads\/ami-molinelli-photo-by-rosaura-sandoval_pandeiro_percussion_workshop-300x200.jpg\" alt=\"\" width=\"235\" height=\"156\" \/><\/p>\n<p><strong>Ami Molinelli<\/strong> is a professional percussionist and educator specializing in Brazilian and Latin percussion. She co-leads the Brazilian and Jazz ensemble, Grupo Falso Baiano with two albums to their credit: \u201cSimplicidade \u2013 Live at Yoshi\u2019s\u201d and \u201cViajando em Choro e Jazz.\u201d Grupo Falso Baiano have been featured on NPR\u2019s the California Report, Radio Latina and Pandora LIVE!<\/p>\n<p>Her percussion curriculum has been used and published in clinics and education workshops including the Los Angeles Philharmonic,The San Francisco Jazz Center, Los Angeles Music Center, Music in Schools Today, Young Audiences of Northern California, UFBA Ouro Preto, Brasil, \u00a0HeadStart (San Mateo County), Los Angeles Music Academy, California Brazil Camp, Jazz Camp West, etc. \u00a0Her curriculum, \u201cRecycled Rhythm\u201d was created for her artist residency of 7 years at the Los Angeles Music Center. \u00a0Currently Ami is a music integration and curriculum specialist with organizations such as The San Francisco Jazz Center, Living Jazz and San Francisco Unified School District.<\/p>\n<p>Ami received her Master of Fine Arts from the California Institute of the Arts. \u00a0Her performance and recording credits include theater, television (NBC) and live performances with artists such as Luciana Souza, Hamilton de Holanda, Jovino Santo Neto, Danilo Britto, Nilson Matta, Romero Lubambo, Jai Uttal, and George Duke.<\/p>\n\t<h3>A little more about choro music<\/h3>\n\t<p>The emergence and development of choro in the late 19th century was affected by three forms of Brazilian popular music: the <em>modinha<\/em>, the\u00a0<em>lundu<\/em>, and the\u00a0<em>maxixe<\/em>. The lundu, an early song and dance genre, and the maxixe, an instrumental dance form that arose concurrently with choro, exhibit African influences. The wildly popular maxixe made an especially strong impression with its close couples dance style and sinuous movements. From its emergence in the late 1870s to its decline in the 1920s, few genres of popular music were as wildly popular, and controversial, as the maxixe. The music accompanies a fast paced couples dance in which the dancers&#8217; bodies are pressed together and the legs are often intertwined.<\/p>\n<p>(from <a href=\"http:\/\/choro-music.blogspot.com\/2010\/11\/maxixe.html\" target=\"_blank\" rel=\"noopener noreferrer\">Choro Music Blog<\/a>)<\/p>\n\t<iframe width=\"560\" height=\"315\" src=\"https:\/\/www.youtube.com\/embed\/Pwrq4cerpBk\" frameborder=\"0\" allow=\"accelerometer; autoplay; encrypted-media; gyroscope; picture-in-picture\" allowfullscreen><\/iframe>\n\t<p>Here are a few additional resources for those who wish to practice some Brazilian rhythm patterns and to learn more about this tradition.<\/p>\n<p>For those who don&#8217;t have an instrument to bring, we will have some percussion instruments available for you to use for the workshop and performance.<\/p>\n\t\t\t<a href=\"\/info\/wp-content\/uploads\/workshops\/molinelli\/pandiero-history-and-rhythms.pdf\" target=\"_blank\" role=\"button\" rel=\"noopener noreferrer\" >\n\t\t\t\t\t\t\tPandeiro History &#038; Rhythms\n\t\t\t\t\t<\/a>\n\t\t\t<a href=\"\/info\/wp-content\/uploads\/workshops\/molinelli\/tamborim.pdf\" target=\"_blank\" role=\"button\" rel=\"noopener noreferrer\" >\n\t\t\t\t\t\t\tTamborim\n\t\t\t\t\t<\/a>\n\t\t\t<a href=\"\/info\/wp-content\/uploads\/workshops\/molinelli\/rhythm-samples.pdf\" target=\"_blank\" role=\"button\" rel=\"noopener noreferrer\" >\n\t\t\t\t\t\t\tRhythm Samples\n\t\t\t\t\t<\/a>\n\t\t\t<a href=\"\/info\/wp-content\/uploads\/workshops\/molinelli\/History-of-Bossa-Nova.pdf\" target=\"_blank\" role=\"button\" rel=\"noopener noreferrer\" >\n\t\t\t\t\t\t\tBrief History of Bossa Nova\n\t\t\t\t\t<\/a>\n\t\t\t<a href=\"https:\/\/open.spotify.com\/playlist\/3nd40zCsPKopViYWKERESd\" target=\"_blank\" role=\"button\" rel=\"noopener noreferrer\" >\n\t\t\t\t\t\t\tAmi&#8217;s Choro Playlist\n\t\t\t\t\t<\/a>\n\t\t\t<a href=\"http:\/\/www.bolabells.com\/pandeiros.html\" target=\"_blank\" role=\"button\" rel=\"noopener noreferrer\" >\n\t\t\t\t\t\t\tBola&#8217;s Pandeiros\n\t\t\t\t\t<\/a>\n\t<p><a href=\"http:\/\/www.lpmusic.com\/\" target=\"_blank\" rel=\"noopener noreferrer\"><img loading=\"lazy\" src=\"https:\/\/amateurmusic.org\/info\/wp-content\/uploads\/LPlogo_0-150x150.png\" alt=\"\" width=\"46\" height=\"46\" \/><\/a><\/p>\n<p>Thank you to our workshop sponsor, <a href=\"http:\/\/www.lpmusic.com\/\" target=\"_blank\" rel=\"noopener noreferrer\">Latin Percussion<\/a>.<\/p>\n\t<h5>If you have questions<\/h5>\n<p>Please email us\u00a0at info@amateurmusic.org and we will get back to you as soon as possible.<\/p>\n\t\t\t<a href=\"\/info\/workshops\" target=\"_self\" role=\"button\" rel=\"noopener noreferrer\">\n\t\t\t\t\t\t\tBack to Main Workshops Page\n\t\t\t\t\t<\/a>\n","protected":false},"excerpt":{"rendered":"<p>with Duo Viol\u00e3o Plus 1 Rogerio Souza, Edinho Gerber, and Ami Molinelli October 23, 2019, 6pm CHORO was a collaboration with mentors Duo Viol\u00e3o Plus 1: Brazilian guitarists Roderio Sauza and Edinho Gerber, and San Francisco percussionist Ami Mollinelli. 19 musicians participated in a workshop on traditional Brazilian style and then performed with the trio in concert. Workshop Participant Resources Hello! We are delighted you will be joining us for this special workshop and interactive concert. Here are all the&hellip;<\/p>\n","protected":false},"author":3,"featured_media":0,"parent":334,"menu_order":0,"comment_status":"closed","ping_status":"closed","template":"","meta":[],"yoast_head":"<!-- This site is optimized with the Yoast SEO plugin v14.9 - https:\/\/yoast.com\/wordpress\/plugins\/seo\/ -->\n<title>Choro - The Music of Rio - Amateur Music Network<\/title>\n<meta name=\"description\" content=\"Information and resources for Amateur Music Network (AMN) workshops. Details for each workshop can be found in these resource pages.\" \/>\n<meta name=\"robots\" content=\"index, follow, max-snippet:-1, max-image-preview:large, max-video-preview:-1\" \/>\n<link rel=\"canonical\" href=\"https:\/\/amateurmusic.org\/info\/resources\/mm-2019-10-23-choro\/\" \/>\n<meta property=\"og:locale\" content=\"en_US\" \/>\n<meta property=\"og:type\" content=\"article\" \/>\n<meta property=\"og:title\" content=\"Choro - The Music of Rio - Amateur Music Network\" \/>\n<meta property=\"og:description\" content=\"Information and resources for Amateur Music Network (AMN) workshops. Details for each workshop can be found in these resource pages.\" \/>\n<meta property=\"og:url\" content=\"https:\/\/amateurmusic.org\/info\/resources\/mm-2019-10-23-choro\/\" \/>\n<meta property=\"og:site_name\" content=\"Amateur Music Network\" \/>\n<meta property=\"article:publisher\" content=\"https:\/\/www.facebook.com\/amateurmusicnetwork\/\" \/>\n<meta property=\"article:modified_time\" content=\"2020-03-08T02:55:21+00:00\" \/>\n<meta property=\"og:image\" content=\"https:\/\/amateurmusic.org\/info\/wp-content\/uploads\/Maxixe-Melody-112217-300x49.jpg\" \/>\n<meta name=\"twitter:card\" content=\"summary_large_image\" \/>\n<meta name=\"twitter:creator\" content=\"@AmateurMusicNet\" \/>\n<meta name=\"twitter:site\" content=\"@AmateurMusicNet\" \/>\n<script type=\"application\/ld+json\" class=\"yoast-schema-graph\">{\"@context\":\"https:\/\/schema.org\",\"@graph\":[{\"@type\":\"WebSite\",\"@id\":\"https:\/\/amateurmusic.org\/coda\/#website\",\"url\":\"https:\/\/amateurmusic.org\/coda\/\",\"name\":\"Amateur Music Network\",\"description\":\"\",\"potentialAction\":[{\"@type\":\"SearchAction\",\"target\":\"https:\/\/amateurmusic.org\/coda\/?s={search_term_string}\",\"query-input\":\"required name=search_term_string\"}],\"inLanguage\":\"en-US\"},{\"@type\":\"ImageObject\",\"@id\":\"https:\/\/amateurmusic.org\/info\/resources\/mm-2019-10-23-choro\/#primaryimage\",\"inLanguage\":\"en-US\",\"url\":\"https:\/\/amateurmusic.org\/info\/wp-content\/uploads\/Maxixe-Melody-112217-300x49.jpg\"},{\"@type\":\"WebPage\",\"@id\":\"https:\/\/amateurmusic.org\/info\/resources\/mm-2019-10-23-choro\/#webpage\",\"url\":\"https:\/\/amateurmusic.org\/info\/resources\/mm-2019-10-23-choro\/\",\"name\":\"Choro - The Music of Rio - Amateur Music Network\",\"isPartOf\":{\"@id\":\"https:\/\/amateurmusic.org\/coda\/#website\"},\"primaryImageOfPage\":{\"@id\":\"https:\/\/amateurmusic.org\/info\/resources\/mm-2019-10-23-choro\/#primaryimage\"},\"datePublished\":\"2019-09-10T02:05:34+00:00\",\"dateModified\":\"2020-03-08T02:55:21+00:00\",\"description\":\"Information and resources for Amateur Music Network (AMN) workshops. Details for each workshop can be found in these resource pages.\",\"inLanguage\":\"en-US\",\"potentialAction\":[{\"@type\":\"ReadAction\",\"target\":[\"https:\/\/amateurmusic.org\/info\/resources\/mm-2019-10-23-choro\/\"]}]}]}<\/script>\n<!-- \/ Yoast SEO plugin. -->","_links":{"self":[{"href":"https:\/\/amateurmusic.org\/coda\/wp-json\/wp\/v2\/pages\/2178"}],"collection":[{"href":"https:\/\/amateurmusic.org\/coda\/wp-json\/wp\/v2\/pages"}],"about":[{"href":"https:\/\/amateurmusic.org\/coda\/wp-json\/wp\/v2\/types\/page"}],"author":[{"embeddable":true,"href":"https:\/\/amateurmusic.org\/coda\/wp-json\/wp\/v2\/users\/3"}],"replies":[{"embeddable":true,"href":"https:\/\/amateurmusic.org\/coda\/wp-json\/wp\/v2\/comments?post=2178"}],"version-history":[{"count":34,"href":"https:\/\/amateurmusic.org\/coda\/wp-json\/wp\/v2\/pages\/2178\/revisions"}],"predecessor-version":[{"id":3147,"href":"https:\/\/amateurmusic.org\/coda\/wp-json\/wp\/v2\/pages\/2178\/revisions\/3147"}],"up":[{"embeddable":true,"href":"https:\/\/amateurmusic.org\/coda\/wp-json\/wp\/v2\/pages\/334"}],"wp:attachment":[{"href":"https:\/\/amateurmusic.org\/coda\/wp-json\/wp\/v2\/media?parent=2178"}],"curies":[{"name":"wp","href":"https:\/\/api.w.org\/{rel}","templated":true}]}}