{"id":570,"date":"2018-02-16T03:22:01","date_gmt":"2018-02-16T03:22:01","guid":{"rendered":"http:\/\/amn-wp.agiratech.com\/?page_id=570"},"modified":"2021-01-16T18:00:52","modified_gmt":"2021-01-16T18:00:52","slug":"mm-2018-05-14-lukas","status":"publish","type":"page","link":"https:\/\/amateurmusic.org\/coda\/resources\/mm-2018-05-14-lukas\/","title":{"rendered":"Music Mondays &#8211; Flute Blast!"},"content":{"rendered":"\n\t<h2>Flute Blast!<br \/>May 14, 2018 at 6:30pm<br \/><\/h2>\n\t<p>The <strong>FLUTE BLAST<\/strong> with San Francisco Symphony Mentor <strong>Linda Lukas<\/strong> was our first AMN workshop for flutes. 20 flute players at all skill levels came together for a fun evening of skill-building and music-making.<\/p>\n<h2>\n\t\tWorkshop Resources\n\t<\/h2>\n\t<h2>Hello!<\/h2>\n<p>We are delighted you will be joining us for a Music Mondays workshop.<\/p>\n<p>Here are all the details you will need and resources to help you prepare.<\/p>\n<h3><strong>Event Logistics<br \/><\/strong><\/h3>\n<p><strong>Location: <\/strong>Drew School, 2901 Californa Street (at Broderick), San Francisco<br \/>Please come to the MAIN ENTRANCE on California Street. Doors will open between 6:00 and 6:15.<\/p>\n<p><strong>What to bring:<\/strong> Your instrument, a music stand, and your music.<\/p>\n<p><strong>Attire:<\/strong> Dress code is casual\/comfortable. Please refrain from wearing scented products such as perfume or hair spray.<\/p>\n\t<h3>A message from our mentor, Linda Lukas:<\/h3>\n<p>Hi Everyone!<\/p>\nLooking forward to seeing all of you again and experiencing the wondrous sounds of a full flute choir during our \u201cflute blast\u201d!!\nI also want to spend some time addressing your flute playing issues so please come with any questions you may have for me about anything flute-centric!\nThis will be fun! \u00a0See you soon!<br \/>\n&nbsp;\n\t<h3>Download your music<\/h3>\n<p>Please print and bring with you to the workshop!<\/p>\n<p>We are hoping to have a bass flute available at the workshop &#8211; please download the bass part if you are interested in trying it. <\/p>\n<p>Please note: in the Rossini many parts are <em>divisi<\/em>. If your part has two voices, please look at both and we will divide up in the workshop.<\/p>\n\t\t\t<a href=\"\/info\/wp-content\/uploads\/workshops\/mm-2018-05-14-lukas\/chorales.pdf\" target=\"_blank\" role=\"button\" rel=\"noopener noreferrer\">\n\t\t\t\t\t\t\tChorales &#8211; all players please download\n\t\t\t\t\t<\/a>\n\t<p>(Chorales are in four parts for standard c-flutes. We will divide up to play them as warm-ups. Please look at all four parts.)<\/p>\n\t\t\t<a href=\"\/info\/wp-content\/uploads\/workshops\/mm-2018-05-14-lukas\/flute-1.pdf\" target=\"_blank\" role=\"button\" rel=\"noopener noreferrer\">\n\t\t\t\t\t\t\tFlute 1\n\t\t\t\t\t<\/a>\n\t\t\t<a href=\"\/info\/wp-content\/uploads\/workshops\/mm-2018-05-14-lukas\/flute-2.pdf\" target=\"_blank\" role=\"button\" rel=\"noopener noreferrer\">\n\t\t\t\t\t\t\tFlute 2\n\t\t\t\t\t<\/a>\n\t\t\t<a href=\"\/info\/wp-content\/uploads\/workshops\/mm-2018-05-14-lukas\/flute-3.pdf\" target=\"_blank\" role=\"button\" rel=\"noopener noreferrer\">\n\t\t\t\t\t\t\tFlute 3\n\t\t\t\t\t<\/a>\n\t\t\t<a href=\"\/info\/wp-content\/uploads\/workshops\/mm-2018-05-14-lukas\/flute-4.pdf\" target=\"_blank\" role=\"button\" rel=\"noopener noreferrer\">\n\t\t\t\t\t\t\tFlute 4\n\t\t\t\t\t<\/a>\n\t\t\t<a href=\"\/info\/wp-content\/uploads\/workshops\/mm-2018-05-14-lukas\/flute-5.pdf\" target=\"_blank\" role=\"button\" rel=\"noopener noreferrer\">\n\t\t\t\t\t\t\tFlute 5\n\t\t\t\t\t<\/a>\n\t\t\t<a href=\"\/info\/wp-content\/uploads\/workshops\/mm-2018-05-14-lukas\/piccolo.pdf\" target=\"_blank\" role=\"button\" rel=\"noopener noreferrer\">\n\t\t\t\t\t\t\tPiccolo\n\t\t\t\t\t<\/a>\n\t\t\t<a href=\"\/info\/wp-content\/uploads\/workshops\/mm-2018-05-14-lukas\/alto-flute.pdf\" target=\"_blank\" role=\"button\" rel=\"noopener noreferrer\">\n\t\t\t\t\t\t\tAlto Flute\n\t\t\t\t\t<\/a>\n\t\t\t<a href=\"\/info\/wp-content\/uploads\/workshops\/mm-2018-05-14-lukas\/bruckner-bass-flute.pdf\" target=\"_blank\" role=\"button\" rel=\"noopener noreferrer\">\n\t\t\t\t\t\t\tBass Flute (Bruckner only)\n\t\t\t\t\t<\/a>\n\t<p>Suggested tempos for practice:<\/p>\n<p>\u00a0 \u00a0 \u00a0\u00a0 Bruckner: half note = 100<\/p>\n<p>\u00a0 \u00a0 \u00a0\u00a0 Rossini: quarter note = 138&#8211;150\u00a0 (work on getting the 16th notes steady at the faster tempo if you can)<\/p>\n<h3>\n\t\tEXTRAS &#8211; handouts from the workshop\n\t<\/h3>\n\t\t\t<a href=\"\/info\/wp-content\/uploads\/workshops\/mm-2018-05-14-lukas\/Flute-warm-up.pdf\" target=\"_blank\" role=\"button\" rel=\"noopener noreferrer\">\n\t\t\t\t\t\t\tLinda&#8217;s Flute Warm-Up\n\t\t\t\t\t<\/a>\n\t\t\t<a href=\"\/info\/wp-content\/uploads\/workshops\/mm-2018-05-14-lukas\/extra-schumann.pdf\" target=\"_blank\" role=\"button\" rel=\"noopener noreferrer\">\n\t\t\t\t\t\t\tExtra Schumann Chorale\n\t\t\t\t\t<\/a>\n\t<p><img loading=\"lazy\" src=\"https:\/\/amateurmusic.org\/info\/wp-content\/uploads\/2018\/01\/Lukas-Linda_190x190-150x150.jpg\" alt=\"Linda Lukas, Amateur Music Network Mentor\" width=\"150\" height=\"150\" \/><strong>Linda Lukas<\/strong> joined the San Francisco Symphony as Second Flutist in 1990 and was Acting Associate Principal Flute for the 2004 and 2005 seasons. She has been a soloist with the orchestra in performances of Bach\u2019s Brandenburg Concerto No.4 and has also performed as soloist with the San Diego Symphony, Central Ohio Symphony, and San Francisco State University Orchestra. She has been Principal Flute of the Sun Valley Summer Symphony since 1996 where she has also been a frequent soloist and performer of chamber music. This summer in Sun Valley she will be performing Mozart\u2019s Concerto for Flute and Harp.<\/p>\n<p>Previously, Linda was a member of the San Diego Symphony and has also performed with the California Ballet Orchestra, San Diego Opera Orchestra, and as Principal Flute of the San Diego Chamber Orchestra. She has appeared as a chamber musician at the San Luis Obispo Mozart Festival and the La Jolla Summerfest, and as a soloist at National Flute Conventions in San Diego, Los Angeles, and St. Louis.<\/p>\n<p>A native of Ohio, Linda began her training at Ohio University and received her master\u2019s degree from the University of Iowa. In 1980, she was awarded a United States Foundation Grant and spent a two-year residency studying and performing in Paris, France. While in Paris, she studied with Michel Debost and Christian Larde and received a Dipl\u00f4me Sup\u00e9rieur de Concertiste de Fl\u00fbte from the Ecole Normale de Musique. She also gave a special performance at the Petit Palais for world leaders attending the Versailles Summit. Upon returning from France, she began work towards a Doctoral Degree in Performance at Northwestern University, studying with Walfrid Kujala and performing with the Civic Orchestra of Chicago.<\/p>\n<p>In addition to performing with the Symphony, Ms. Lukas has been Instructor of Flute at San Francisco State University since 1991 and for ten years was a member of the Arioso Wind Quintet, which has recorded two CD\u2019s on the Koch International label. The most recent CD of music by Samuel Barber includes the Summer Music and the Capricorn Concerto, which features Ms. Lukas as soloist.<\/p>\n","protected":false},"excerpt":{"rendered":"<p>Flute Blast!May 14, 2018 at 6:30pm The FLUTE BLAST with San Francisco Symphony Mentor Linda Lukas was our first AMN workshop for flutes. 20 flute players at all skill levels came together for a fun evening of skill-building and music-making. Workshop Resources Hello! We are delighted you will be joining us for a Music Mondays workshop. Here are all the details you will need and resources to help you prepare. Event Logistics Location: Drew School, 2901 Californa Street (at Broderick),&hellip;<\/p>\n","protected":false},"author":1,"featured_media":0,"parent":334,"menu_order":0,"comment_status":"closed","ping_status":"closed","template":"","meta":[],"yoast_head":"<!-- This site is optimized with the Yoast SEO plugin v14.9 - https:\/\/yoast.com\/wordpress\/plugins\/seo\/ -->\n<title>Music Mondays - Flute Blast! - Amateur Music Network<\/title>\n<meta name=\"description\" content=\"Information and resources for flute workshop with Linda Lukas. Details for our workshops can be found in these resource pages.\" \/>\n<meta name=\"robots\" content=\"index, follow, max-snippet:-1, max-image-preview:large, max-video-preview:-1\" \/>\n<link rel=\"canonical\" href=\"https:\/\/amateurmusic.org\/coda\/resources\/mm-2018-05-14-lukas\/\" \/>\n<meta property=\"og:locale\" content=\"en_US\" \/>\n<meta property=\"og:type\" content=\"article\" \/>\n<meta property=\"og:title\" content=\"Music Mondays - Flute Blast! - Amateur Music Network\" \/>\n<meta property=\"og:description\" content=\"Information and resources for flute workshop with Linda Lukas. Details for our workshops can be found in these resource pages.\" \/>\n<meta property=\"og:url\" content=\"https:\/\/amateurmusic.org\/coda\/resources\/mm-2018-05-14-lukas\/\" \/>\n<meta property=\"og:site_name\" content=\"Amateur Music Network\" \/>\n<meta property=\"article:publisher\" content=\"https:\/\/www.facebook.com\/amateurmusicnetwork\/\" \/>\n<meta property=\"article:modified_time\" content=\"2021-01-16T18:00:52+00:00\" \/>\n<meta property=\"og:image\" content=\"https:\/\/amateurmusic.org\/info\/wp-content\/uploads\/2018\/01\/Lukas-Linda_190x190-150x150.jpg\" \/>\n<meta name=\"twitter:card\" content=\"summary_large_image\" \/>\n<meta name=\"twitter:creator\" content=\"@AmateurMusicNet\" \/>\n<meta name=\"twitter:site\" content=\"@AmateurMusicNet\" \/>\n<script type=\"application\/ld+json\" class=\"yoast-schema-graph\">{\"@context\":\"https:\/\/schema.org\",\"@graph\":[{\"@type\":\"WebSite\",\"@id\":\"https:\/\/amateurmusic.org\/coda\/#website\",\"url\":\"https:\/\/amateurmusic.org\/coda\/\",\"name\":\"Amateur Music Network\",\"description\":\"\",\"potentialAction\":[{\"@type\":\"SearchAction\",\"target\":\"https:\/\/amateurmusic.org\/coda\/?s={search_term_string}\",\"query-input\":\"required name=search_term_string\"}],\"inLanguage\":\"en-US\"},{\"@type\":\"ImageObject\",\"@id\":\"https:\/\/amateurmusic.org\/coda\/resources\/mm-2018-05-14-lukas\/#primaryimage\",\"inLanguage\":\"en-US\",\"url\":\"https:\/\/amateurmusic.org\/info\/wp-content\/uploads\/2018\/01\/Lukas-Linda_190x190-150x150.jpg\"},{\"@type\":\"WebPage\",\"@id\":\"https:\/\/amateurmusic.org\/coda\/resources\/mm-2018-05-14-lukas\/#webpage\",\"url\":\"https:\/\/amateurmusic.org\/coda\/resources\/mm-2018-05-14-lukas\/\",\"name\":\"Music Mondays - Flute Blast! - Amateur Music Network\",\"isPartOf\":{\"@id\":\"https:\/\/amateurmusic.org\/coda\/#website\"},\"primaryImageOfPage\":{\"@id\":\"https:\/\/amateurmusic.org\/coda\/resources\/mm-2018-05-14-lukas\/#primaryimage\"},\"datePublished\":\"2018-02-16T03:22:01+00:00\",\"dateModified\":\"2021-01-16T18:00:52+00:00\",\"description\":\"Information and resources for flute workshop with Linda Lukas. Details for our workshops can be found in these resource pages.\",\"inLanguage\":\"en-US\",\"potentialAction\":[{\"@type\":\"ReadAction\",\"target\":[\"https:\/\/amateurmusic.org\/coda\/resources\/mm-2018-05-14-lukas\/\"]}]}]}<\/script>\n<!-- \/ Yoast SEO plugin. -->","_links":{"self":[{"href":"https:\/\/amateurmusic.org\/coda\/wp-json\/wp\/v2\/pages\/570"}],"collection":[{"href":"https:\/\/amateurmusic.org\/coda\/wp-json\/wp\/v2\/pages"}],"about":[{"href":"https:\/\/amateurmusic.org\/coda\/wp-json\/wp\/v2\/types\/page"}],"author":[{"embeddable":true,"href":"https:\/\/amateurmusic.org\/coda\/wp-json\/wp\/v2\/users\/1"}],"replies":[{"embeddable":true,"href":"https:\/\/amateurmusic.org\/coda\/wp-json\/wp\/v2\/comments?post=570"}],"version-history":[{"count":26,"href":"https:\/\/amateurmusic.org\/coda\/wp-json\/wp\/v2\/pages\/570\/revisions"}],"predecessor-version":[{"id":5293,"href":"https:\/\/amateurmusic.org\/coda\/wp-json\/wp\/v2\/pages\/570\/revisions\/5293"}],"up":[{"embeddable":true,"href":"https:\/\/amateurmusic.org\/coda\/wp-json\/wp\/v2\/pages\/334"}],"wp:attachment":[{"href":"https:\/\/amateurmusic.org\/coda\/wp-json\/wp\/v2\/media?parent=570"}],"curies":[{"name":"wp","href":"https:\/\/api.w.org\/{rel}","templated":true}]}}